{"id":3421,"date":"2023-11-11T09:06:43","date_gmt":"2023-11-11T09:06:43","guid":{"rendered":"https:\/\/tv-electropro.tn\/?post_type=product&#038;p=3421"},"modified":"2023-12-03T21:36:30","modified_gmt":"2023-12-03T21:36:30","slug":"fer-a-souder-ct-340","status":"publish","type":"product","link":"https:\/\/tv-electropro.tn\/en\/product\/fer-a-souder-ct-340\/","title":{"rendered":"Fer \u00e0 souder CT-340"},"content":{"rendered":"<p><span style=\"font-family: Times New Roman, serif\" data-mce-style=\"font-family: Times New Roman, serif;\"><span style=\"font-size: medium\" data-mce-style=\"font-size: medium;\"><span style=\"color: #313133\" data-mce-style=\"color: #313133;\"><span style=\"font-family: Arial, serif\" data-mce-style=\"font-family: Arial, serif;\"><span style=\"font-size: large\" data-mce-style=\"font-size: large;\"><b>Fer \u00e0 souder CT-430 40W<\/b><\/span><\/span><\/span><\/span><\/span><\/p>\n<p><span style=\"font-family: Times New Roman, serif\" data-mce-style=\"font-family: Times New Roman, serif;\"><span style=\"font-size: medium\" data-mce-style=\"font-size: medium;\"><span style=\"color: #313133\" data-mce-style=\"color: #313133;\"><span style=\"font-family: Arial, serif\" data-mce-style=\"font-family: Arial, serif;\"><span style=\"font-size: large\" data-mce-style=\"font-size: large;\">Un<\/span><\/span><\/span><span style=\"color: #313133\" data-mce-style=\"color: #313133;\"><span style=\"font-family: Arial, serif\" data-mce-style=\"font-family: Arial, serif;\"><span style=\"font-size: large\" data-mce-style=\"font-size: large;\"><b>\u00a0<\/b><\/span><\/span><\/span><span style=\"color: #313133\" data-mce-style=\"color: #313133;\"><span style=\"font-family: Arial, serif\" data-mce-style=\"font-family: Arial, serif;\"><span style=\"font-size: large\" data-mce-style=\"font-size: large;\">fer \u00e0 souder<\/span><\/span><\/span><b><span style=\"color: #313133\" data-mce-style=\"color: #313133;\"><span style=\"font-family: Arial, serif\" data-mce-style=\"font-family: Arial, serif;\"><span style=\"font-size: large\" data-mce-style=\"font-size: large;\">\u00a0<\/span><\/span><\/span><\/b><span style=\"color: #313133\" data-mce-style=\"color: #313133;\"><span style=\"font-family: Arial, serif\" data-mce-style=\"font-family: Arial, serif;\"><span style=\"font-size: large\" data-mce-style=\"font-size: large;\">est un outil qui fournit de la chaleur gr\u00e2ce \u00e0 une pointe m\u00e9tallique. Celle-ci, appel\u00e9e panne, fait fondre un fil de m\u00e9tal, souvent de l&rsquo;\u00e9tain, et l&rsquo;applique \u00e0 l&rsquo;endroit de la soudure \u00e0 r\u00e9aliser.<\/span><\/span><\/span><\/span><\/span><\/p>\n<p><span style=\"font-family: Times New Roman, serif\" data-mce-style=\"font-family: Times New Roman, serif;\"><span style=\"font-size: medium\" data-mce-style=\"font-size: medium;\"><span style=\"color: #313133\" data-mce-style=\"color: #313133;\"><span style=\"font-family: Arial, serif\" data-mce-style=\"font-family: Arial, serif;\"><span style=\"font-size: large\" data-mce-style=\"font-size: large;\">R\u00e9alisez facilement des circuits imprim\u00e9s, de l&rsquo;\u00e9lectronique ou des r\u00e9parations d&rsquo;\u00e9quipements m\u00e9nagers gr\u00e2ce \u00e0 ce fer \u00e0 souder.\u00a0<\/span><\/span><\/span><\/span><\/span><\/p>\n<p><span style=\"font-family: Times New Roman, serif\" data-mce-style=\"font-family: Times New Roman, serif;\"><span style=\"font-size: medium\" data-mce-style=\"font-size: medium;\"><span style=\"color: #313133\" data-mce-style=\"color: #313133;\"><span style=\"font-family: Arial, serif\" data-mce-style=\"font-family: Arial, serif;\"><span style=\"font-size: large\" data-mce-style=\"font-size: large;\">Capable de fondre de l&rsquo;\u00e9tain, cet \u00e9quipement permet d&rsquo;assurer la continuit\u00e9 \u00e9lectrique d&rsquo;un circuit.\u00a0<\/span><\/span><\/span><\/span><\/span><\/p>","protected":false},"excerpt":{"rendered":"<p><br data-mce-bogus=\"1\"><\/p>","protected":false},"featured_media":3422,"comment_status":"open","ping_status":"closed","template":"","meta":[],"etheme_brands":[],"product_cat":[15],"product_tag":[],"class_list":["post-3421","product","type-product","status-publish","has-post-thumbnail","hentry","product_cat-uncategorized"],"aioseo_notices":[],"jetpack_sharing_enabled":true,"_links":{"self":[{"href":"https:\/\/tv-electropro.tn\/en\/wp-json\/wp\/v2\/product\/3421","targetHints":{"allow":["GET"]}}],"collection":[{"href":"https:\/\/tv-electropro.tn\/en\/wp-json\/wp\/v2\/product"}],"about":[{"href":"https:\/\/tv-electropro.tn\/en\/wp-json\/wp\/v2\/types\/product"}],"replies":[{"embeddable":true,"href":"https:\/\/tv-electropro.tn\/en\/wp-json\/wp\/v2\/comments?post=3421"}],"version-history":[{"count":2,"href":"https:\/\/tv-electropro.tn\/en\/wp-json\/wp\/v2\/product\/3421\/revisions"}],"predecessor-version":[{"id":3951,"href":"https:\/\/tv-electropro.tn\/en\/wp-json\/wp\/v2\/product\/3421\/revisions\/3951"}],"wp:featuredmedia":[{"embeddable":true,"href":"https:\/\/tv-electropro.tn\/en\/wp-json\/wp\/v2\/media\/3422"}],"wp:attachment":[{"href":"https:\/\/tv-electropro.tn\/en\/wp-json\/wp\/v2\/media?parent=3421"}],"wp:term":[{"taxonomy":"brand","embeddable":true,"href":"https:\/\/tv-electropro.tn\/en\/wp-json\/wp\/v2\/etheme_brands?post=3421"},{"taxonomy":"product_cat","embeddable":true,"href":"https:\/\/tv-electropro.tn\/en\/wp-json\/wp\/v2\/product_cat?post=3421"},{"taxonomy":"product_tag","embeddable":true,"href":"https:\/\/tv-electropro.tn\/en\/wp-json\/wp\/v2\/product_tag?post=3421"}],"curies":[{"name":"wp","href":"https:\/\/api.w.org\/{rel}","templated":true}]}}