{"id":3520,"date":"2023-11-27T19:15:06","date_gmt":"2023-11-27T19:15:06","guid":{"rendered":"https:\/\/tv-electropro.tn\/?post_type=product&#038;p=3520"},"modified":"2023-12-02T21:23:16","modified_gmt":"2023-12-02T21:23:16","slug":"pate-a-souder-amtech-rma-223-2","status":"publish","type":"product","link":"https:\/\/tv-electropro.tn\/en\/product\/pate-a-souder-amtech-rma-223-2\/","title":{"rendered":"pate \u00e0 souder AMTECH  RMA 223"},"content":{"rendered":"<p><span style=\"font-family: Arial, serif;\"><span style=\"font-size: medium;\"><u><b>Flux \u00e0 souder 50G AMTECH RMA-223<\/b><\/u><\/span><\/span><\/p>\n<p align=\"justify\"><span style=\"font-family: Arial, serif;\"><span style=\"font-size: medium;\">Flux \u00e0 souder 50G AMTECH RMA-223 ,\u00a0<\/span><\/span><span style=\"font-size: medium;\"><span style=\"font-family: Arial, serif;\">P\u00e2te \u00e0 souder 100% originale AMTECH professional RMA-223 UV BGA flux + tube de compression + pointe d\u2019aiguille libre pour le soudage.<\/span><\/span><\/p>\n<p><span style=\"font-family: Arial, serif;\"><span style=\"font-size: medium;\"><b>Description<\/b><\/span><\/span><\/p>\n<p><span style=\"font-family: Arial, serif;\"><span style=\"font-size: medium;\"><b>Flux \u00e0 souder 50G AMTECH RMA-223<\/b><\/span><\/span><\/p>\n<p><span style=\"font-size: medium;\"><span style=\"font-family: Arial, serif;\">P\u00e2te \u00e0 souder 100% originale AMTECH professional RMA-223 UV BGA flux + tube de compression + pointe d\u2019aiguille libre pour le soudage.\u00a0<\/span><\/span><span style=\"font-family: Arial, serif;\"><span style=\"font-size: medium;\">Bonne immersion et joint de haute intensit\u00e9.<\/span><\/span><\/p>\n<p><span style=\"font-family: Arial, serif;\"><span style=\"font-size: medium;\">Facile \u00e0 d\u00e9coller avec les mains ou une pince \u00e0 \u00e9piler, ne laisse aucun r\u00e9sidu. Ne pas oxyder l\u2019or, le cuivre, le phosphore, le bronze, l\u2019oxydation.<\/span><\/span><\/p>\n<p><span style=\"font-family: Arial, serif;\"><span style=\"font-size: medium;\">Pr\u00e9venir la contamination lors de l\u2019assemblage.<\/span><\/span><\/p>\n<p><span style=\"font-family: Arial, serif;\"><span style=\"font-size: medium;\">RMA-223: flux sans nettoyage \u00e0 haute viscosit\u00e9, retraitement PCB, BGA, PGA, pour souder des puces d\u2019ordinateur\/t\u00e9l\u00e9phone.<\/span><\/span><\/p>\n<p><span style=\"font-family: Arial, serif;\"><span style=\"font-size: medium;\">RMA-223 est le m\u00e9lange de poudre d\u2019alliage de haute qualit\u00e9 et de flux de p\u00e2te de r\u00e9sine, il peut \u00e9viter le r\u00e9sidu jaune p\u00e2le.<\/span><\/span><\/p>\n<p><span style=\"font-family: Arial, serif;\"><span style=\"font-size: medium;\">Trempage \u00e9lev\u00e9, joints de haute r\u00e9sistance.<\/span><\/span><\/p>\n<p><span style=\"font-family: Arial, serif;\"><span style=\"font-size: medium;\">Non toxique, non corrosif, forte capacit\u00e9 d\u2019isolation.<\/span><\/span><\/p>\n<p><span style=\"font-family: Arial, serif;\"><span style=\"font-size: medium;\">Bonne isolation et surface de soudure lisse.<\/span><\/span><\/p>\n<p><span style=\"font-family: Arial, serif;\"><span style=\"font-size: medium;\">Pas de d\u00e9t\u00e9rioration, pas de s\u00e9chage.<\/span><\/span><\/p>\n<p><span style=\"font-family: Arial, serif;\"><span style=\"font-size: medium;\">Aucun poison, aucune corrosion, aucun dommage aux pi\u00e8ces.<\/span><\/span><\/p>\n<p><span style=\"font-family: Arial, serif;\"><span style=\"font-size: medium;\">C\u2019est actuellement le meilleur BGA du march\u00e9, CSP retravailler aider \u00e0 coller.<\/span><\/span><\/p>\n<p><span style=\"font-size: medium;\"><b><span style=\"font-family: Arial, serif;\">Sp\u00e9cifications du produit:<\/span><\/b><\/span><\/p>\n<ul>\n<li><span style=\"font-family: Arial, serif;\"><span style=\"font-size: medium;\">Type de Flux: AMTECH RMA-223 UV<\/span><\/span><\/li>\n<li><span style=\"font-family: Arial, serif;\"><span style=\"font-size: medium;\">Volume: 10ml\/10cc<\/span><\/span><\/li>\n<li><span style=\"font-family: Arial, serif;\"><span style=\"font-size: medium;\">Dimension: 93x33x23mm<\/span><\/span><\/li>\n<li><span style=\"font-family: Arial, serif;\"><span style=\"font-size: medium;\">Mat\u00e9riau: le m\u00e9lange de poudre d\u2019alliage de haute qualit\u00e9 et de flux de p\u00e2te de r\u00e9sine, il peut \u00e9viter le r\u00e9sidu jaune p\u00e2le.<\/span><\/span><\/li>\n<li><span style=\"font-family: Arial, serif;\"><span style=\"font-size: medium;\">Couleur: incolore\/Transparent<\/span><\/span><\/li>\n<li><span style=\"font-family: Arial, serif;\"><span style=\"font-size: medium;\">Isol\u00e9: oui<\/span><\/span><\/li>\n<li><span style=\"font-family: Arial, serif;\"><span style=\"font-size: medium;\">Avec pointe d\u2019aiguille: oui<\/span><\/span><\/li>\n<li><span style=\"font-family: Arial, serif;\"><span style=\"font-size: medium;\">Fabriqu\u00e9 en: USA<\/span><\/span><\/li>\n<li><span style=\"font-family: Arial, serif;\"><span style=\"font-size: medium;\">Num\u00e9ro de Lot: 111-06-01<\/span><\/span><\/li>\n<li><span style=\"font-family: Arial, serif;\"><span style=\"font-size: medium;\">Application: pour souder et remballer des puces d\u2019ordinateur et de t\u00e9l\u00e9phone.<\/span><\/span><\/li>\n<li><span style=\"font-family: Arial, serif;\"><span style=\"font-size: medium;\">Avantage: bonne immersion et joint de haute intensit\u00e9.<\/span><\/span><\/li>\n<li><span style=\"font-family: Arial, serif;\"><span style=\"font-size: medium;\">Fonction: pour PCB , BGA , PGA reworkkin.<\/span><\/span><\/li>\n<\/ul>\n<p align=\"justify\">","protected":false},"excerpt":{"rendered":"<p>Flux \u00e0 souder 50G AMTECH RMA-223 Flux \u00e0 souder 50G AMTECH RMA-223 ,\u00a0P\u00e2te \u00e0 souder 100% originale&#8230;<\/p>","protected":false},"featured_media":3523,"comment_status":"open","ping_status":"closed","template":"","meta":[],"etheme_brands":[],"product_cat":[15],"product_tag":[],"class_list":["post-3520","product","type-product","status-publish","has-post-thumbnail","hentry","product_cat-uncategorized"],"aioseo_notices":[],"jetpack_sharing_enabled":true,"_links":{"self":[{"href":"https:\/\/tv-electropro.tn\/en\/wp-json\/wp\/v2\/product\/3520","targetHints":{"allow":["GET"]}}],"collection":[{"href":"https:\/\/tv-electropro.tn\/en\/wp-json\/wp\/v2\/product"}],"about":[{"href":"https:\/\/tv-electropro.tn\/en\/wp-json\/wp\/v2\/types\/product"}],"replies":[{"embeddable":true,"href":"https:\/\/tv-electropro.tn\/en\/wp-json\/wp\/v2\/comments?post=3520"}],"version-history":[{"count":2,"href":"https:\/\/tv-electropro.tn\/en\/wp-json\/wp\/v2\/product\/3520\/revisions"}],"predecessor-version":[{"id":3925,"href":"https:\/\/tv-electropro.tn\/en\/wp-json\/wp\/v2\/product\/3520\/revisions\/3925"}],"wp:featuredmedia":[{"embeddable":true,"href":"https:\/\/tv-electropro.tn\/en\/wp-json\/wp\/v2\/media\/3523"}],"wp:attachment":[{"href":"https:\/\/tv-electropro.tn\/en\/wp-json\/wp\/v2\/media?parent=3520"}],"wp:term":[{"taxonomy":"brand","embeddable":true,"href":"https:\/\/tv-electropro.tn\/en\/wp-json\/wp\/v2\/etheme_brands?post=3520"},{"taxonomy":"product_cat","embeddable":true,"href":"https:\/\/tv-electropro.tn\/en\/wp-json\/wp\/v2\/product_cat?post=3520"},{"taxonomy":"product_tag","embeddable":true,"href":"https:\/\/tv-electropro.tn\/en\/wp-json\/wp\/v2\/product_tag?post=3520"}],"curies":[{"name":"wp","href":"https:\/\/api.w.org\/{rel}","templated":true}]}}