{"id":3525,"date":"2023-11-27T19:16:37","date_gmt":"2023-11-27T19:16:37","guid":{"rendered":"https:\/\/tv-electropro.tn\/?post_type=product&#038;p=3525"},"modified":"2023-12-02T21:21:48","modified_gmt":"2023-12-02T21:21:48","slug":"pate-a-souder-yx-20-flux-150-g-2","status":"publish","type":"product","link":"https:\/\/tv-electropro.tn\/en\/product\/pate-a-souder-yx-20-flux-150-g-2\/","title":{"rendered":"Pate \u00e0 souder YX-20 flux 150 g"},"content":{"rendered":"<p>YAXUN YX-20 p\u00e2te \u00e0 souder Flux 150 g\u00a0:<\/p>\n<p>La p\u00e2te \u00e0 souder flux est utilis\u00e9e s\u2019une fa\u00e7on professionnelle dans les travaux de soudage des m\u00e9taux. C\u2019est une pate flux colophane douce et environnementale.<br \/>\nCaract\u00e9ristiques :<br \/>\n\u2022 Pot en plastique de 150 g<br \/>\n\u2022 pH neutre 7+- 0.3<br \/>\n\u2022 Non Toxique<br \/>\n\u2022 Non corrosif<br \/>\n\u2022 Bonne isolation<br \/>\n\u2022 Lisse la surface de soudure<br \/>\n\u2022 Pas de d\u00e9t\u00e9rioration<\/p>\n<p>M\u00e9thode d\u2019utilisation :<br \/>\n\u2022 En utilisant l&rsquo;extr\u00e9mit\u00e9 d&rsquo;un match ou d&rsquo;un cure-dent, appliquez un peu de p\u00e2te \u00e0 souder sur les fils qui seront soud\u00e9s<br \/>\n\u2022 Placez la pointe du fer \u00e0 souder sur les fils. Contactez la soudure contre ces fils<br \/>\n\u2022 Chauffez la soudure jusqu&rsquo;\u00e0 ce qu&rsquo;elle coule librement, puis d\u00e9placez rapidement le fer \u00e0 souder et \u00e9loignez la soudure.<\/p>\n<p>S\u00e9curit\u00e9\u00a0:<br \/>\n\u2022 Portez des lunettes de s\u00e9curit\u00e9 et \u00e9vitez l\u2019inhalation des vapeurs.<br \/>\n\u2022 Ne pas r\u00e9utilisez le pot vide pour d\u2019autres fins.<\/p>","protected":false},"excerpt":{"rendered":"<p>YAXUN YX-20 p\u00e2te \u00e0 souder Flux 150 g\u00a0: La p\u00e2te \u00e0 souder flux est utilis\u00e9e s\u2019une fa\u00e7on&#8230;<\/p>","protected":false},"featured_media":3526,"comment_status":"open","ping_status":"closed","template":"","meta":[],"etheme_brands":[],"product_cat":[15],"product_tag":[],"class_list":["post-3525","product","type-product","status-publish","has-post-thumbnail","hentry","product_cat-uncategorized"],"aioseo_notices":[],"jetpack_sharing_enabled":true,"_links":{"self":[{"href":"https:\/\/tv-electropro.tn\/en\/wp-json\/wp\/v2\/product\/3525","targetHints":{"allow":["GET"]}}],"collection":[{"href":"https:\/\/tv-electropro.tn\/en\/wp-json\/wp\/v2\/product"}],"about":[{"href":"https:\/\/tv-electropro.tn\/en\/wp-json\/wp\/v2\/types\/product"}],"replies":[{"embeddable":true,"href":"https:\/\/tv-electropro.tn\/en\/wp-json\/wp\/v2\/comments?post=3525"}],"version-history":[{"count":1,"href":"https:\/\/tv-electropro.tn\/en\/wp-json\/wp\/v2\/product\/3525\/revisions"}],"predecessor-version":[{"id":3527,"href":"https:\/\/tv-electropro.tn\/en\/wp-json\/wp\/v2\/product\/3525\/revisions\/3527"}],"wp:featuredmedia":[{"embeddable":true,"href":"https:\/\/tv-electropro.tn\/en\/wp-json\/wp\/v2\/media\/3526"}],"wp:attachment":[{"href":"https:\/\/tv-electropro.tn\/en\/wp-json\/wp\/v2\/media?parent=3525"}],"wp:term":[{"taxonomy":"brand","embeddable":true,"href":"https:\/\/tv-electropro.tn\/en\/wp-json\/wp\/v2\/etheme_brands?post=3525"},{"taxonomy":"product_cat","embeddable":true,"href":"https:\/\/tv-electropro.tn\/en\/wp-json\/wp\/v2\/product_cat?post=3525"},{"taxonomy":"product_tag","embeddable":true,"href":"https:\/\/tv-electropro.tn\/en\/wp-json\/wp\/v2\/product_tag?post=3525"}],"curies":[{"name":"wp","href":"https:\/\/api.w.org\/{rel}","templated":true}]}}